{"id":146,"date":"2017-08-02T22:45:56","date_gmt":"2017-08-02T20:45:56","guid":{"rendered":"http:\/\/www.mjcfontanes.org\/?page_id=146"},"modified":"2025-06-16T13:24:31","modified_gmt":"2025-06-16T11:24:31","slug":"cinema","status":"publish","type":"page","link":"https:\/\/www.mjcfontanes.org\/?page_id=146","title":{"rendered":"Cin\u00e9ma itin\u00e9rant"},"content":{"rendered":"\n<figure class=\"wp-block-image size-large\"><img data-recalc-dims=\"1\" loading=\"lazy\" decoding=\"async\" width=\"712\" height=\"209\" data-attachment-id=\"3179\" data-permalink=\"https:\/\/www.mjcfontanes.org\/?attachment_id=3179\" data-orig-file=\"https:\/\/i0.wp.com\/www.mjcfontanes.org\/wp-content\/uploads\/2024\/07\/cine.jpg?fit=2473%2C728&amp;ssl=1\" data-orig-size=\"2473,728\" data-comments-opened=\"1\" data-image-meta=\"{&quot;aperture&quot;:&quot;0&quot;,&quot;credit&quot;:&quot;&quot;,&quot;camera&quot;:&quot;&quot;,&quot;caption&quot;:&quot;&quot;,&quot;created_timestamp&quot;:&quot;0&quot;,&quot;copyright&quot;:&quot;&quot;,&quot;focal_length&quot;:&quot;0&quot;,&quot;iso&quot;:&quot;0&quot;,&quot;shutter_speed&quot;:&quot;0&quot;,&quot;title&quot;:&quot;&quot;,&quot;orientation&quot;:&quot;1&quot;}\" data-image-title=\"cine\" data-image-description=\"\" data-image-caption=\"\" data-large-file=\"https:\/\/i0.wp.com\/www.mjcfontanes.org\/wp-content\/uploads\/2024\/07\/cine.jpg?fit=712%2C209&amp;ssl=1\" src=\"https:\/\/i0.wp.com\/www.mjcfontanes.org\/wp-content\/uploads\/2024\/07\/cine.jpg?resize=712%2C209&#038;ssl=1\" alt=\"\" class=\"wp-image-3179\" srcset=\"https:\/\/i0.wp.com\/www.mjcfontanes.org\/wp-content\/uploads\/2024\/07\/cine.jpg?resize=1024%2C301&amp;ssl=1 1024w, https:\/\/i0.wp.com\/www.mjcfontanes.org\/wp-content\/uploads\/2024\/07\/cine.jpg?resize=300%2C88&amp;ssl=1 300w, https:\/\/i0.wp.com\/www.mjcfontanes.org\/wp-content\/uploads\/2024\/07\/cine.jpg?resize=768%2C226&amp;ssl=1 768w, https:\/\/i0.wp.com\/www.mjcfontanes.org\/wp-content\/uploads\/2024\/07\/cine.jpg?resize=1536%2C452&amp;ssl=1 1536w, https:\/\/i0.wp.com\/www.mjcfontanes.org\/wp-content\/uploads\/2024\/07\/cine.jpg?resize=2048%2C603&amp;ssl=1 2048w, https:\/\/i0.wp.com\/www.mjcfontanes.org\/wp-content\/uploads\/2024\/07\/cine.jpg?resize=1080%2C318&amp;ssl=1 1080w, https:\/\/i0.wp.com\/www.mjcfontanes.org\/wp-content\/uploads\/2024\/07\/cine.jpg?w=1424&amp;ssl=1 1424w, https:\/\/i0.wp.com\/www.mjcfontanes.org\/wp-content\/uploads\/2024\/07\/cine.jpg?w=2136&amp;ssl=1 2136w\" sizes=\"auto, (max-width: 712px) 100vw, 712px\" \/><\/figure>\n\n\n\n<div class=\"wp-block-group\"><div class=\"wp-block-group__inner-container is-layout-constrained wp-block-group-is-layout-constrained\">\n<div class=\"wp-block-columns is-layout-flex wp-container-core-columns-is-layout-9d6595d7 wp-block-columns-is-layout-flex\">\n<div class=\"wp-block-column is-layout-flow wp-block-column-is-layout-flow\" style=\"flex-basis:100%\">\n<figure class=\"wp-block-table\"><table class=\"has-white-background-color has-text-color has-background has-link-color\" style=\"color:#98506f\"><tbody><tr><td class=\"has-text-align-center\" data-align=\"center\"><img data-recalc-dims=\"1\" loading=\"lazy\" decoding=\"async\" data-attachment-id=\"136\" data-permalink=\"https:\/\/www.mjcfontanes.org\/?attachment_id=136\" data-orig-file=\"https:\/\/i0.wp.com\/www.mjcfontanes.org\/wp-content\/uploads\/2017\/08\/Plaquettefleur-copie.png?fit=236%2C236&amp;ssl=1\" data-orig-size=\"236,236\" data-comments-opened=\"1\" data-image-meta=\"{&quot;aperture&quot;:&quot;0&quot;,&quot;credit&quot;:&quot;&quot;,&quot;camera&quot;:&quot;&quot;,&quot;caption&quot;:&quot;&quot;,&quot;created_timestamp&quot;:&quot;0&quot;,&quot;copyright&quot;:&quot;&quot;,&quot;focal_length&quot;:&quot;0&quot;,&quot;iso&quot;:&quot;0&quot;,&quot;shutter_speed&quot;:&quot;0&quot;,&quot;title&quot;:&quot;&quot;,&quot;orientation&quot;:&quot;0&quot;}\" data-image-title=\"Plaquette=fleur copie\" data-image-description=\"\" data-image-caption=\"\" data-large-file=\"https:\/\/i0.wp.com\/www.mjcfontanes.org\/wp-content\/uploads\/2017\/08\/Plaquettefleur-copie.png?fit=236%2C236&amp;ssl=1\" class=\"aligncenter wp-image-136\" src=\"https:\/\/i0.wp.com\/www.mjcfontanes.org\/wp-content\/uploads\/2017\/08\/Plaquettefleur-copie-150x150.png?resize=72%2C72\" alt=\"\" width=\"72\" height=\"72\" srcset=\"https:\/\/i0.wp.com\/www.mjcfontanes.org\/wp-content\/uploads\/2017\/08\/Plaquettefleur-copie.png?resize=150%2C150&amp;ssl=1 150w, https:\/\/i0.wp.com\/www.mjcfontanes.org\/wp-content\/uploads\/2017\/08\/Plaquettefleur-copie.png?resize=75%2C75&amp;ssl=1 75w, https:\/\/i0.wp.com\/www.mjcfontanes.org\/wp-content\/uploads\/2017\/08\/Plaquettefleur-copie.png?w=236&amp;ssl=1 236w\" sizes=\"auto, (max-width: 72px) 100vw, 72px\" \/><\/td><td><h3 style=\"text-align: center;\"><strong>Une \u00e9quipe de b\u00e9n\u00e9voles g\u00e8re les projections<br><\/strong><\/h3><\/td><\/tr><tr><td class=\"has-text-align-center\" data-align=\"center\"><img data-recalc-dims=\"1\" loading=\"lazy\" decoding=\"async\" data-attachment-id=\"138\" data-permalink=\"https:\/\/www.mjcfontanes.org\/?attachment_id=138\" data-orig-file=\"https:\/\/i0.wp.com\/www.mjcfontanes.org\/wp-content\/uploads\/2017\/08\/Plaquetteportevoix1-copie.png?fit=472%2C354&amp;ssl=1\" data-orig-size=\"472,354\" data-comments-opened=\"1\" data-image-meta=\"{&quot;aperture&quot;:&quot;0&quot;,&quot;credit&quot;:&quot;&quot;,&quot;camera&quot;:&quot;&quot;,&quot;caption&quot;:&quot;&quot;,&quot;created_timestamp&quot;:&quot;0&quot;,&quot;copyright&quot;:&quot;&quot;,&quot;focal_length&quot;:&quot;0&quot;,&quot;iso&quot;:&quot;0&quot;,&quot;shutter_speed&quot;:&quot;0&quot;,&quot;title&quot;:&quot;&quot;,&quot;orientation&quot;:&quot;0&quot;}\" data-image-title=\"Plaquette=portevoix1 copie\" data-image-description=\"\" data-image-caption=\"\" data-large-file=\"https:\/\/i0.wp.com\/www.mjcfontanes.org\/wp-content\/uploads\/2017\/08\/Plaquetteportevoix1-copie.png?fit=472%2C354&amp;ssl=1\" class=\"wp-image-138 aligncenter\" src=\"https:\/\/i0.wp.com\/www.mjcfontanes.org\/wp-content\/uploads\/2017\/08\/Plaquetteportevoix1-copie-150x150.png?resize=55%2C55\" alt=\"\" width=\"55\" height=\"55\" srcset=\"https:\/\/i0.wp.com\/www.mjcfontanes.org\/wp-content\/uploads\/2017\/08\/Plaquetteportevoix1-copie.png?resize=150%2C150&amp;ssl=1 150w, https:\/\/i0.wp.com\/www.mjcfontanes.org\/wp-content\/uploads\/2017\/08\/Plaquetteportevoix1-copie.png?resize=75%2C75&amp;ssl=1 75w\" sizes=\"auto, (max-width: 55px) 100vw, 55px\" \/><\/td><td><h3 style=\"text-align: center;\"><span style=\"font-size: revert; font-family: inherit;\">Responsable : <\/span><\/h3><h3 style=\"text-align: center;\"><strong style=\"font-size: revert; font-family: inherit;\">Nicolas Martins<\/strong><\/h3><\/td><\/tr><tr><td class=\"has-text-align-center\" data-align=\"center\"><img data-recalc-dims=\"1\" loading=\"lazy\" decoding=\"async\" data-attachment-id=\"205\" data-permalink=\"https:\/\/www.mjcfontanes.org\/?attachment_id=205\" data-orig-file=\"https:\/\/i0.wp.com\/www.mjcfontanes.org\/wp-content\/uploads\/2017\/08\/telephone.jpg?fit=626%2C626&amp;ssl=1\" data-orig-size=\"626,626\" data-comments-opened=\"1\" data-image-meta=\"{&quot;aperture&quot;:&quot;0&quot;,&quot;credit&quot;:&quot;&quot;,&quot;camera&quot;:&quot;&quot;,&quot;caption&quot;:&quot;&quot;,&quot;created_timestamp&quot;:&quot;0&quot;,&quot;copyright&quot;:&quot;&quot;,&quot;focal_length&quot;:&quot;0&quot;,&quot;iso&quot;:&quot;0&quot;,&quot;shutter_speed&quot;:&quot;0&quot;,&quot;title&quot;:&quot;&quot;,&quot;orientation&quot;:&quot;0&quot;}\" data-image-title=\"telephone\" data-image-description=\"\" data-image-caption=\"\" data-large-file=\"https:\/\/i0.wp.com\/www.mjcfontanes.org\/wp-content\/uploads\/2017\/08\/telephone.jpg?fit=626%2C626&amp;ssl=1\" class=\"aligncenter wp-image-205\" src=\"https:\/\/i0.wp.com\/www.mjcfontanes.org\/wp-content\/uploads\/2017\/08\/telephone-150x150.jpg?resize=58%2C58\" alt=\"\" width=\"58\" height=\"58\" srcset=\"https:\/\/i0.wp.com\/www.mjcfontanes.org\/wp-content\/uploads\/2017\/08\/telephone.jpg?resize=150%2C150&amp;ssl=1 150w, https:\/\/i0.wp.com\/www.mjcfontanes.org\/wp-content\/uploads\/2017\/08\/telephone.jpg?resize=300%2C300&amp;ssl=1 300w, https:\/\/i0.wp.com\/www.mjcfontanes.org\/wp-content\/uploads\/2017\/08\/telephone.jpg?resize=500%2C500&amp;ssl=1 500w, https:\/\/i0.wp.com\/www.mjcfontanes.org\/wp-content\/uploads\/2017\/08\/telephone.jpg?resize=400%2C400&amp;ssl=1 400w, https:\/\/i0.wp.com\/www.mjcfontanes.org\/wp-content\/uploads\/2017\/08\/telephone.jpg?resize=75%2C75&amp;ssl=1 75w, https:\/\/i0.wp.com\/www.mjcfontanes.org\/wp-content\/uploads\/2017\/08\/telephone.jpg?w=626&amp;ssl=1 626w\" sizes=\"auto, (max-width: 58px) 100vw, 58px\" \/><\/td><td><h3 style=\"text-align: center;\">06 62 22 36 58<\/h3><\/td><\/tr><tr><td class=\"has-text-align-center\" data-align=\"center\"><img data-recalc-dims=\"1\" loading=\"lazy\" decoding=\"async\" data-attachment-id=\"200\" data-permalink=\"https:\/\/www.mjcfontanes.org\/?attachment_id=200\" data-orig-file=\"https:\/\/i0.wp.com\/www.mjcfontanes.org\/wp-content\/uploads\/2017\/07\/courrierelectronique.png?fit=512%2C512&amp;ssl=1\" data-orig-size=\"512,512\" data-comments-opened=\"1\" data-image-meta=\"{&quot;aperture&quot;:&quot;0&quot;,&quot;credit&quot;:&quot;&quot;,&quot;camera&quot;:&quot;&quot;,&quot;caption&quot;:&quot;&quot;,&quot;created_timestamp&quot;:&quot;0&quot;,&quot;copyright&quot;:&quot;&quot;,&quot;focal_length&quot;:&quot;0&quot;,&quot;iso&quot;:&quot;0&quot;,&quot;shutter_speed&quot;:&quot;0&quot;,&quot;title&quot;:&quot;&quot;,&quot;orientation&quot;:&quot;0&quot;}\" data-image-title=\"courrierelectronique\" data-image-description=\"\" data-image-caption=\"\" data-large-file=\"https:\/\/i0.wp.com\/www.mjcfontanes.org\/wp-content\/uploads\/2017\/07\/courrierelectronique.png?fit=512%2C512&amp;ssl=1\" class=\"aligncenter wp-image-200\" src=\"https:\/\/i0.wp.com\/www.mjcfontanes.org\/wp-content\/uploads\/2017\/07\/courrierelectronique-150x150.png?resize=53%2C53\" alt=\"\" width=\"53\" height=\"53\" srcset=\"https:\/\/i0.wp.com\/www.mjcfontanes.org\/wp-content\/uploads\/2017\/07\/courrierelectronique.png?resize=150%2C150&amp;ssl=1 150w, https:\/\/i0.wp.com\/www.mjcfontanes.org\/wp-content\/uploads\/2017\/07\/courrierelectronique.png?resize=300%2C300&amp;ssl=1 300w, https:\/\/i0.wp.com\/www.mjcfontanes.org\/wp-content\/uploads\/2017\/07\/courrierelectronique.png?resize=500%2C500&amp;ssl=1 500w, https:\/\/i0.wp.com\/www.mjcfontanes.org\/wp-content\/uploads\/2017\/07\/courrierelectronique.png?resize=400%2C400&amp;ssl=1 400w, https:\/\/i0.wp.com\/www.mjcfontanes.org\/wp-content\/uploads\/2017\/07\/courrierelectronique.png?resize=75%2C75&amp;ssl=1 75w, https:\/\/i0.wp.com\/www.mjcfontanes.org\/wp-content\/uploads\/2017\/07\/courrierelectronique.png?w=512&amp;ssl=1 512w\" sizes=\"auto, (max-width: 53px) 100vw, 53px\" \/><\/td><td><h3 style=\"text-align: center;\">cinema@mjcfontanes.org<\/h3><\/td><\/tr><tr><td class=\"has-text-align-center\" data-align=\"center\"><img data-recalc-dims=\"1\" loading=\"lazy\" decoding=\"async\" data-attachment-id=\"194\" data-permalink=\"https:\/\/www.mjcfontanes.org\/?attachment_id=194\" data-orig-file=\"https:\/\/i0.wp.com\/www.mjcfontanes.org\/wp-content\/uploads\/2017\/08\/64px-Euro_symbol_black.svg_.png?fit=64%2C64&amp;ssl=1\" data-orig-size=\"64,64\" data-comments-opened=\"1\" data-image-meta=\"{&quot;aperture&quot;:&quot;0&quot;,&quot;credit&quot;:&quot;&quot;,&quot;camera&quot;:&quot;&quot;,&quot;caption&quot;:&quot;&quot;,&quot;created_timestamp&quot;:&quot;0&quot;,&quot;copyright&quot;:&quot;&quot;,&quot;focal_length&quot;:&quot;0&quot;,&quot;iso&quot;:&quot;0&quot;,&quot;shutter_speed&quot;:&quot;0&quot;,&quot;title&quot;:&quot;&quot;,&quot;orientation&quot;:&quot;0&quot;}\" data-image-title=\"64px-Euro_symbol_black.svg\" data-image-description=\"\" data-image-caption=\"\" data-large-file=\"https:\/\/i0.wp.com\/www.mjcfontanes.org\/wp-content\/uploads\/2017\/08\/64px-Euro_symbol_black.svg_.png?fit=64%2C64&amp;ssl=1\" class=\"wp-image-194  aligncenter\" src=\"https:\/\/i0.wp.com\/www.mjcfontanes.org\/wp-content\/uploads\/2017\/08\/64px-Euro_symbol_black.svg_.png?resize=50%2C50\" alt=\"\" width=\"50\" height=\"50\"><\/td><td><h3 style=\"text-align: center;\">Adultes : 5,00\u20ac <\/h3><br><h3 style=\"text-align: center;\">E<span style=\"font-size: revert; font-family: inherit;\">nfants (- de 16 ans) : 3,50\u20ac<\/span><\/h3><\/td><\/tr><tr><td class=\"has-text-align-center\" data-align=\"center\"><img data-recalc-dims=\"1\" loading=\"lazy\" decoding=\"async\" data-attachment-id=\"199\" data-permalink=\"https:\/\/www.mjcfontanes.org\/?attachment_id=199\" data-orig-file=\"https:\/\/i0.wp.com\/www.mjcfontanes.org\/wp-content\/uploads\/2017\/07\/calendrierdate.jpg?fit=626%2C626&amp;ssl=1\" data-orig-size=\"626,626\" data-comments-opened=\"1\" data-image-meta=\"{&quot;aperture&quot;:&quot;0&quot;,&quot;credit&quot;:&quot;&quot;,&quot;camera&quot;:&quot;&quot;,&quot;caption&quot;:&quot;&quot;,&quot;created_timestamp&quot;:&quot;0&quot;,&quot;copyright&quot;:&quot;&quot;,&quot;focal_length&quot;:&quot;0&quot;,&quot;iso&quot;:&quot;0&quot;,&quot;shutter_speed&quot;:&quot;0&quot;,&quot;title&quot;:&quot;&quot;,&quot;orientation&quot;:&quot;0&quot;}\" data-image-title=\"calendrierdate\" data-image-description=\"\" data-image-caption=\"\" data-large-file=\"https:\/\/i0.wp.com\/www.mjcfontanes.org\/wp-content\/uploads\/2017\/07\/calendrierdate.jpg?fit=626%2C626&amp;ssl=1\" class=\"aligncenter wp-image-199\" src=\"https:\/\/i0.wp.com\/www.mjcfontanes.org\/wp-content\/uploads\/2017\/07\/calendrierdate-150x150.jpg?resize=64%2C64\" alt=\"\" width=\"64\" height=\"64\" srcset=\"https:\/\/i0.wp.com\/www.mjcfontanes.org\/wp-content\/uploads\/2017\/07\/calendrierdate.jpg?resize=150%2C150&amp;ssl=1 150w, https:\/\/i0.wp.com\/www.mjcfontanes.org\/wp-content\/uploads\/2017\/07\/calendrierdate.jpg?resize=300%2C300&amp;ssl=1 300w, https:\/\/i0.wp.com\/www.mjcfontanes.org\/wp-content\/uploads\/2017\/07\/calendrierdate.jpg?resize=500%2C500&amp;ssl=1 500w, https:\/\/i0.wp.com\/www.mjcfontanes.org\/wp-content\/uploads\/2017\/07\/calendrierdate.jpg?resize=400%2C400&amp;ssl=1 400w, https:\/\/i0.wp.com\/www.mjcfontanes.org\/wp-content\/uploads\/2017\/07\/calendrierdate.jpg?resize=75%2C75&amp;ssl=1 75w, https:\/\/i0.wp.com\/www.mjcfontanes.org\/wp-content\/uploads\/2017\/07\/calendrierdate.jpg?w=626&amp;ssl=1 626w\" sizes=\"auto, (max-width: 64px) 100vw, 64px\" \/><\/td><td><h3 style=\"text-align: center;\">Une ou deux s\u00e9ances, le samedi toutes les deux semaines.\u00a0<\/h3><br><h3 style=\"text-align: center;\">Les projections ont lieu \u00e0 la salle du Foyer.<\/h3><\/td><\/tr><\/tbody><\/table><\/figure>\n<\/div>\n<\/div>\n<\/div><\/div>\n","protected":false},"excerpt":{"rendered":"<p>Une \u00e9quipe de b\u00e9n\u00e9voles g\u00e8re les projections Responsable : Nicolas Martins 06 62 22 36 58 cinema@mjcfontanes.org Adultes : 5,00\u20ac Enfants (- de 16 ans) : 3,50\u20ac Une ou deux &hellip; <a href=\"https:\/\/www.mjcfontanes.org\/?page_id=146\" class=\"more-link\">Lire la suite de <span class=\"screen-reader-text\">Cin\u00e9ma itin\u00e9rant<\/span><\/a><\/p>\n","protected":false},"author":1,"featured_media":0,"parent":0,"menu_order":0,"comment_status":"closed","ping_status":"closed","template":"","meta":{"jetpack_post_was_ever_published":false,"footnotes":""},"tags":[],"class_list":["post-146","page","type-page","status-publish","hentry","no-featured-image"],"jetpack_sharing_enabled":true,"jetpack_shortlink":"https:\/\/wp.me\/P95mIQ-2m","jetpack-related-posts":[],"_links":{"self":[{"href":"https:\/\/www.mjcfontanes.org\/index.php?rest_route=\/wp\/v2\/pages\/146","targetHints":{"allow":["GET"]}}],"collection":[{"href":"https:\/\/www.mjcfontanes.org\/index.php?rest_route=\/wp\/v2\/pages"}],"about":[{"href":"https:\/\/www.mjcfontanes.org\/index.php?rest_route=\/wp\/v2\/types\/page"}],"author":[{"embeddable":true,"href":"https:\/\/www.mjcfontanes.org\/index.php?rest_route=\/wp\/v2\/users\/1"}],"replies":[{"embeddable":true,"href":"https:\/\/www.mjcfontanes.org\/index.php?rest_route=%2Fwp%2Fv2%2Fcomments&post=146"}],"version-history":[{"count":23,"href":"https:\/\/www.mjcfontanes.org\/index.php?rest_route=\/wp\/v2\/pages\/146\/revisions"}],"predecessor-version":[{"id":3533,"href":"https:\/\/www.mjcfontanes.org\/index.php?rest_route=\/wp\/v2\/pages\/146\/revisions\/3533"}],"wp:attachment":[{"href":"https:\/\/www.mjcfontanes.org\/index.php?rest_route=%2Fwp%2Fv2%2Fmedia&parent=146"}],"wp:term":[{"taxonomy":"post_tag","embeddable":true,"href":"https:\/\/www.mjcfontanes.org\/index.php?rest_route=%2Fwp%2Fv2%2Ftags&post=146"}],"curies":[{"name":"wp","href":"https:\/\/api.w.org\/{rel}","templated":true}]}}