{"id":160,"date":"2017-08-02T22:48:57","date_gmt":"2017-08-02T20:48:57","guid":{"rendered":"http:\/\/www.mjcfontanes.org\/?page_id=160"},"modified":"2025-06-16T13:55:31","modified_gmt":"2025-06-16T11:55:31","slug":"pilates","status":"publish","type":"page","link":"https:\/\/www.mjcfontanes.org\/?page_id=160","title":{"rendered":"Pilates"},"content":{"rendered":"\n<h2 class=\"wp-block-heading has-text-color has-link-color wp-elements-46e07efaec875142b9b46273bca7200a\" style=\"color:#98506f\">Saison 2025 &#8211; 2026<\/h2>\n\n\n\n<figure class=\"wp-block-table has-medium-font-size\"><table class=\"has-white-background-color has-text-color has-background has-link-color\" style=\"color:#98506f\"><tbody><tr><td class=\"has-text-align-center\" data-align=\"center\"><img data-recalc-dims=\"1\" loading=\"lazy\" decoding=\"async\" data-attachment-id=\"136\" data-permalink=\"https:\/\/www.mjcfontanes.org\/?attachment_id=136\" data-orig-file=\"https:\/\/i0.wp.com\/www.mjcfontanes.org\/wp-content\/uploads\/2017\/08\/Plaquettefleur-copie.png?fit=236%2C236&amp;ssl=1\" data-orig-size=\"236,236\" data-comments-opened=\"1\" data-image-meta=\"{&quot;aperture&quot;:&quot;0&quot;,&quot;credit&quot;:&quot;&quot;,&quot;camera&quot;:&quot;&quot;,&quot;caption&quot;:&quot;&quot;,&quot;created_timestamp&quot;:&quot;0&quot;,&quot;copyright&quot;:&quot;&quot;,&quot;focal_length&quot;:&quot;0&quot;,&quot;iso&quot;:&quot;0&quot;,&quot;shutter_speed&quot;:&quot;0&quot;,&quot;title&quot;:&quot;&quot;,&quot;orientation&quot;:&quot;0&quot;}\" data-image-title=\"Plaquette=fleur copie\" data-image-description=\"\" data-image-caption=\"\" data-large-file=\"https:\/\/i0.wp.com\/www.mjcfontanes.org\/wp-content\/uploads\/2017\/08\/Plaquettefleur-copie.png?fit=236%2C236&amp;ssl=1\" class=\"aligncenter wp-image-136\" src=\"https:\/\/i0.wp.com\/www.mjcfontanes.org\/wp-content\/uploads\/2017\/08\/Plaquettefleur-copie-150x150.png?resize=87%2C87\" alt=\"\" width=\"87\" height=\"87\" srcset=\"https:\/\/i0.wp.com\/www.mjcfontanes.org\/wp-content\/uploads\/2017\/08\/Plaquettefleur-copie.png?resize=150%2C150&amp;ssl=1 150w, https:\/\/i0.wp.com\/www.mjcfontanes.org\/wp-content\/uploads\/2017\/08\/Plaquettefleur-copie.png?resize=75%2C75&amp;ssl=1 75w, https:\/\/i0.wp.com\/www.mjcfontanes.org\/wp-content\/uploads\/2017\/08\/Plaquettefleur-copie.png?w=236&amp;ssl=1 236w\" sizes=\"auto, (max-width: 87px) 100vw, 87px\" \/><\/td><td class=\"has-text-align-center\" data-align=\"center\"><h3 style=\"text-align: center;\">Animatrice :<\/h3><h3 style=\"text-align: center;\"><strong>Tiphaine SERVOLLE<br><\/strong><\/h3><\/td><\/tr><tr><td class=\"has-text-align-center\" data-align=\"center\"><img data-recalc-dims=\"1\" loading=\"lazy\" decoding=\"async\" data-attachment-id=\"138\" data-permalink=\"https:\/\/www.mjcfontanes.org\/?attachment_id=138\" data-orig-file=\"https:\/\/i0.wp.com\/www.mjcfontanes.org\/wp-content\/uploads\/2017\/08\/Plaquetteportevoix1-copie.png?fit=472%2C354&amp;ssl=1\" data-orig-size=\"472,354\" data-comments-opened=\"1\" data-image-meta=\"{&quot;aperture&quot;:&quot;0&quot;,&quot;credit&quot;:&quot;&quot;,&quot;camera&quot;:&quot;&quot;,&quot;caption&quot;:&quot;&quot;,&quot;created_timestamp&quot;:&quot;0&quot;,&quot;copyright&quot;:&quot;&quot;,&quot;focal_length&quot;:&quot;0&quot;,&quot;iso&quot;:&quot;0&quot;,&quot;shutter_speed&quot;:&quot;0&quot;,&quot;title&quot;:&quot;&quot;,&quot;orientation&quot;:&quot;0&quot;}\" data-image-title=\"Plaquette=portevoix1 copie\" data-image-description=\"\" data-image-caption=\"\" data-large-file=\"https:\/\/i0.wp.com\/www.mjcfontanes.org\/wp-content\/uploads\/2017\/08\/Plaquetteportevoix1-copie.png?fit=472%2C354&amp;ssl=1\" class=\"wp-image-138 aligncenter\" src=\"https:\/\/i0.wp.com\/www.mjcfontanes.org\/wp-content\/uploads\/2017\/08\/Plaquetteportevoix1-copie-150x150.png?resize=55%2C55\" alt=\"\" width=\"55\" height=\"55\" srcset=\"https:\/\/i0.wp.com\/www.mjcfontanes.org\/wp-content\/uploads\/2017\/08\/Plaquetteportevoix1-copie.png?resize=150%2C150&amp;ssl=1 150w, https:\/\/i0.wp.com\/www.mjcfontanes.org\/wp-content\/uploads\/2017\/08\/Plaquetteportevoix1-copie.png?resize=75%2C75&amp;ssl=1 75w\" sizes=\"auto, (max-width: 55px) 100vw, 55px\" \/><\/td><td class=\"has-text-align-center\" data-align=\"center\"><h3 style=\"text-align: center;\">Responsable :<\/h3><h3 style=\"text-align: center;\"><strong>Emanuela LAVAL<br><\/strong><\/h3><\/td><\/tr><tr><td class=\"has-text-align-center\" data-align=\"center\"><img data-recalc-dims=\"1\" loading=\"lazy\" decoding=\"async\" data-attachment-id=\"205\" data-permalink=\"https:\/\/www.mjcfontanes.org\/?attachment_id=205\" data-orig-file=\"https:\/\/i0.wp.com\/www.mjcfontanes.org\/wp-content\/uploads\/2017\/08\/telephone.jpg?fit=626%2C626&amp;ssl=1\" data-orig-size=\"626,626\" data-comments-opened=\"1\" data-image-meta=\"{&quot;aperture&quot;:&quot;0&quot;,&quot;credit&quot;:&quot;&quot;,&quot;camera&quot;:&quot;&quot;,&quot;caption&quot;:&quot;&quot;,&quot;created_timestamp&quot;:&quot;0&quot;,&quot;copyright&quot;:&quot;&quot;,&quot;focal_length&quot;:&quot;0&quot;,&quot;iso&quot;:&quot;0&quot;,&quot;shutter_speed&quot;:&quot;0&quot;,&quot;title&quot;:&quot;&quot;,&quot;orientation&quot;:&quot;0&quot;}\" data-image-title=\"telephone\" data-image-description=\"\" data-image-caption=\"\" data-large-file=\"https:\/\/i0.wp.com\/www.mjcfontanes.org\/wp-content\/uploads\/2017\/08\/telephone.jpg?fit=626%2C626&amp;ssl=1\" class=\"aligncenter wp-image-205\" src=\"https:\/\/i0.wp.com\/www.mjcfontanes.org\/wp-content\/uploads\/2017\/08\/telephone-150x150.jpg?resize=55%2C55\" alt=\"\" width=\"55\" height=\"55\" srcset=\"https:\/\/i0.wp.com\/www.mjcfontanes.org\/wp-content\/uploads\/2017\/08\/telephone.jpg?resize=150%2C150&amp;ssl=1 150w, https:\/\/i0.wp.com\/www.mjcfontanes.org\/wp-content\/uploads\/2017\/08\/telephone.jpg?resize=300%2C300&amp;ssl=1 300w, https:\/\/i0.wp.com\/www.mjcfontanes.org\/wp-content\/uploads\/2017\/08\/telephone.jpg?resize=500%2C500&amp;ssl=1 500w, https:\/\/i0.wp.com\/www.mjcfontanes.org\/wp-content\/uploads\/2017\/08\/telephone.jpg?resize=400%2C400&amp;ssl=1 400w, https:\/\/i0.wp.com\/www.mjcfontanes.org\/wp-content\/uploads\/2017\/08\/telephone.jpg?resize=75%2C75&amp;ssl=1 75w, https:\/\/i0.wp.com\/www.mjcfontanes.org\/wp-content\/uploads\/2017\/08\/telephone.jpg?w=626&amp;ssl=1 626w\" sizes=\"auto, (max-width: 55px) 100vw, 55px\" \/><\/td><td class=\"has-text-align-center\" data-align=\"center\"><h3 style=\"text-align: center;\">06 09 81 20 51<\/h3><\/td><\/tr><tr><td class=\"has-text-align-center\" data-align=\"center\"><img data-recalc-dims=\"1\" loading=\"lazy\" decoding=\"async\" data-attachment-id=\"200\" data-permalink=\"https:\/\/www.mjcfontanes.org\/?attachment_id=200\" data-orig-file=\"https:\/\/i0.wp.com\/www.mjcfontanes.org\/wp-content\/uploads\/2017\/07\/courrierelectronique.png?fit=512%2C512&amp;ssl=1\" data-orig-size=\"512,512\" data-comments-opened=\"1\" data-image-meta=\"{&quot;aperture&quot;:&quot;0&quot;,&quot;credit&quot;:&quot;&quot;,&quot;camera&quot;:&quot;&quot;,&quot;caption&quot;:&quot;&quot;,&quot;created_timestamp&quot;:&quot;0&quot;,&quot;copyright&quot;:&quot;&quot;,&quot;focal_length&quot;:&quot;0&quot;,&quot;iso&quot;:&quot;0&quot;,&quot;shutter_speed&quot;:&quot;0&quot;,&quot;title&quot;:&quot;&quot;,&quot;orientation&quot;:&quot;0&quot;}\" data-image-title=\"courrierelectronique\" data-image-description=\"\" data-image-caption=\"\" data-large-file=\"https:\/\/i0.wp.com\/www.mjcfontanes.org\/wp-content\/uploads\/2017\/07\/courrierelectronique.png?fit=512%2C512&amp;ssl=1\" class=\"aligncenter wp-image-200\" src=\"https:\/\/i0.wp.com\/www.mjcfontanes.org\/wp-content\/uploads\/2017\/07\/courrierelectronique-150x150.png?resize=55%2C55\" alt=\"\" width=\"55\" height=\"55\" srcset=\"https:\/\/i0.wp.com\/www.mjcfontanes.org\/wp-content\/uploads\/2017\/07\/courrierelectronique.png?resize=150%2C150&amp;ssl=1 150w, https:\/\/i0.wp.com\/www.mjcfontanes.org\/wp-content\/uploads\/2017\/07\/courrierelectronique.png?resize=300%2C300&amp;ssl=1 300w, https:\/\/i0.wp.com\/www.mjcfontanes.org\/wp-content\/uploads\/2017\/07\/courrierelectronique.png?resize=500%2C500&amp;ssl=1 500w, https:\/\/i0.wp.com\/www.mjcfontanes.org\/wp-content\/uploads\/2017\/07\/courrierelectronique.png?resize=400%2C400&amp;ssl=1 400w, https:\/\/i0.wp.com\/www.mjcfontanes.org\/wp-content\/uploads\/2017\/07\/courrierelectronique.png?resize=75%2C75&amp;ssl=1 75w, https:\/\/i0.wp.com\/www.mjcfontanes.org\/wp-content\/uploads\/2017\/07\/courrierelectronique.png?w=512&amp;ssl=1 512w\" sizes=\"auto, (max-width: 55px) 100vw, 55px\" \/><\/td><td class=\"has-text-align-center\" data-align=\"center\"><h3 style=\"text-align: center;\">pilates@mjcfontanes.org<\/h3><\/td><\/tr><tr><td class=\"has-text-align-center\" data-align=\"center\"><img data-recalc-dims=\"1\" loading=\"lazy\" decoding=\"async\" data-attachment-id=\"194\" data-permalink=\"https:\/\/www.mjcfontanes.org\/?attachment_id=194\" data-orig-file=\"https:\/\/i0.wp.com\/www.mjcfontanes.org\/wp-content\/uploads\/2017\/08\/64px-Euro_symbol_black.svg_.png?fit=64%2C64&amp;ssl=1\" data-orig-size=\"64,64\" data-comments-opened=\"1\" data-image-meta=\"{&quot;aperture&quot;:&quot;0&quot;,&quot;credit&quot;:&quot;&quot;,&quot;camera&quot;:&quot;&quot;,&quot;caption&quot;:&quot;&quot;,&quot;created_timestamp&quot;:&quot;0&quot;,&quot;copyright&quot;:&quot;&quot;,&quot;focal_length&quot;:&quot;0&quot;,&quot;iso&quot;:&quot;0&quot;,&quot;shutter_speed&quot;:&quot;0&quot;,&quot;title&quot;:&quot;&quot;,&quot;orientation&quot;:&quot;0&quot;}\" data-image-title=\"64px-Euro_symbol_black.svg\" data-image-description=\"\" data-image-caption=\"\" data-large-file=\"https:\/\/i0.wp.com\/www.mjcfontanes.org\/wp-content\/uploads\/2017\/08\/64px-Euro_symbol_black.svg_.png?fit=64%2C64&amp;ssl=1\" class=\"wp-image-194  aligncenter\" src=\"https:\/\/i0.wp.com\/www.mjcfontanes.org\/wp-content\/uploads\/2017\/08\/64px-Euro_symbol_black.svg_.png?resize=55%2C55\" alt=\"\" width=\"55\" height=\"55\"><\/td><td class=\"has-text-align-center\" data-align=\"center\"><h3 style=\"text-align: center;\">169\u20ac<\/h3><\/td><\/tr><tr><td class=\"has-text-align-center\" data-align=\"center\"><img data-recalc-dims=\"1\" loading=\"lazy\" decoding=\"async\" data-attachment-id=\"199\" data-permalink=\"https:\/\/www.mjcfontanes.org\/?attachment_id=199\" data-orig-file=\"https:\/\/i0.wp.com\/www.mjcfontanes.org\/wp-content\/uploads\/2017\/07\/calendrierdate.jpg?fit=626%2C626&amp;ssl=1\" data-orig-size=\"626,626\" data-comments-opened=\"1\" data-image-meta=\"{&quot;aperture&quot;:&quot;0&quot;,&quot;credit&quot;:&quot;&quot;,&quot;camera&quot;:&quot;&quot;,&quot;caption&quot;:&quot;&quot;,&quot;created_timestamp&quot;:&quot;0&quot;,&quot;copyright&quot;:&quot;&quot;,&quot;focal_length&quot;:&quot;0&quot;,&quot;iso&quot;:&quot;0&quot;,&quot;shutter_speed&quot;:&quot;0&quot;,&quot;title&quot;:&quot;&quot;,&quot;orientation&quot;:&quot;0&quot;}\" data-image-title=\"calendrierdate\" data-image-description=\"\" data-image-caption=\"\" data-large-file=\"https:\/\/i0.wp.com\/www.mjcfontanes.org\/wp-content\/uploads\/2017\/07\/calendrierdate.jpg?fit=626%2C626&amp;ssl=1\" class=\"aligncenter wp-image-199\" src=\"https:\/\/i0.wp.com\/www.mjcfontanes.org\/wp-content\/uploads\/2017\/07\/calendrierdate-150x150.jpg?resize=55%2C55\" alt=\"\" width=\"55\" height=\"55\" srcset=\"https:\/\/i0.wp.com\/www.mjcfontanes.org\/wp-content\/uploads\/2017\/07\/calendrierdate.jpg?resize=150%2C150&amp;ssl=1 150w, https:\/\/i0.wp.com\/www.mjcfontanes.org\/wp-content\/uploads\/2017\/07\/calendrierdate.jpg?resize=300%2C300&amp;ssl=1 300w, https:\/\/i0.wp.com\/www.mjcfontanes.org\/wp-content\/uploads\/2017\/07\/calendrierdate.jpg?resize=500%2C500&amp;ssl=1 500w, https:\/\/i0.wp.com\/www.mjcfontanes.org\/wp-content\/uploads\/2017\/07\/calendrierdate.jpg?resize=400%2C400&amp;ssl=1 400w, https:\/\/i0.wp.com\/www.mjcfontanes.org\/wp-content\/uploads\/2017\/07\/calendrierdate.jpg?resize=75%2C75&amp;ssl=1 75w, https:\/\/i0.wp.com\/www.mjcfontanes.org\/wp-content\/uploads\/2017\/07\/calendrierdate.jpg?w=626&amp;ssl=1 626w\" sizes=\"auto, (max-width: 55px) 100vw, 55px\" \/><\/td><td class=\"has-text-align-center\" data-align=\"center\"><h3 style=\"text-align: center;\">Deux cours :<\/h3><h3 style=\"text-align: center;\">le lundi de 15h30 \u00e0 16h30<\/h3><h3 style=\"text-align: center;\">ou<\/h3><h3 style=\"text-align: center;\">de 20h15 \u00e0 21h15.<\/h3><\/td><\/tr><tr><td class=\"has-text-align-center\" data-align=\"center\"><img data-recalc-dims=\"1\" loading=\"lazy\" decoding=\"async\" data-attachment-id=\"213\" data-permalink=\"https:\/\/www.mjcfontanes.org\/?attachment_id=213\" data-orig-file=\"https:\/\/i0.wp.com\/www.mjcfontanes.org\/wp-content\/uploads\/2017\/08\/attention.jpg?fit=240%2C240&amp;ssl=1\" data-orig-size=\"240,240\" data-comments-opened=\"1\" data-image-meta=\"{&quot;aperture&quot;:&quot;0&quot;,&quot;credit&quot;:&quot;&quot;,&quot;camera&quot;:&quot;&quot;,&quot;caption&quot;:&quot;&quot;,&quot;created_timestamp&quot;:&quot;0&quot;,&quot;copyright&quot;:&quot;&quot;,&quot;focal_length&quot;:&quot;0&quot;,&quot;iso&quot;:&quot;0&quot;,&quot;shutter_speed&quot;:&quot;0&quot;,&quot;title&quot;:&quot;&quot;,&quot;orientation&quot;:&quot;0&quot;}\" data-image-title=\"attention\" data-image-description=\"\" data-image-caption=\"\" data-large-file=\"https:\/\/i0.wp.com\/www.mjcfontanes.org\/wp-content\/uploads\/2017\/08\/attention.jpg?fit=240%2C240&amp;ssl=1\" class=\"aligncenter wp-image-213\" src=\"https:\/\/i0.wp.com\/www.mjcfontanes.org\/wp-content\/uploads\/2017\/08\/attention-150x150.jpg?resize=71%2C71\" alt=\"\" width=\"71\" height=\"71\" srcset=\"https:\/\/i0.wp.com\/www.mjcfontanes.org\/wp-content\/uploads\/2017\/08\/attention.jpg?resize=150%2C150&amp;ssl=1 150w, https:\/\/i0.wp.com\/www.mjcfontanes.org\/wp-content\/uploads\/2017\/08\/attention.jpg?resize=75%2C75&amp;ssl=1 75w, https:\/\/i0.wp.com\/www.mjcfontanes.org\/wp-content\/uploads\/2017\/08\/attention.jpg?w=240&amp;ssl=1 240w\" sizes=\"auto, (max-width: 71px) 100vw, 71px\" \/><\/td><td class=\"has-text-align-center\" data-align=\"center\"><strong><strong>Auto-questionnaire de sant\u00e9 \u00e0 compl\u00e9ter<\/strong>.<\/strong><\/td><\/tr><\/tbody><\/table><\/figure>\n","protected":false},"excerpt":{"rendered":"<p>Saison 2025 &#8211; 2026 Animatrice : Tiphaine SERVOLLE Responsable : Emanuela LAVAL 06 09 81 20 51 pilates@mjcfontanes.org 169\u20ac Deux cours : le lundi de 15h30 \u00e0 16h30 ou de &hellip; <a href=\"https:\/\/www.mjcfontanes.org\/?page_id=160\" class=\"more-link\">Lire la suite de <span class=\"screen-reader-text\">Pilates<\/span><\/a><\/p>\n","protected":false},"author":1,"featured_media":0,"parent":0,"menu_order":0,"comment_status":"closed","ping_status":"closed","template":"","meta":{"footnotes":""},"tags":[],"class_list":["post-160","page","type-page","status-publish","hentry","no-featured-image"],"jetpack_sharing_enabled":true,"jetpack_shortlink":"https:\/\/wp.me\/P95mIQ-2A","jetpack-related-posts":[],"_links":{"self":[{"href":"https:\/\/www.mjcfontanes.org\/index.php?rest_route=\/wp\/v2\/pages\/160","targetHints":{"allow":["GET"]}}],"collection":[{"href":"https:\/\/www.mjcfontanes.org\/index.php?rest_route=\/wp\/v2\/pages"}],"about":[{"href":"https:\/\/www.mjcfontanes.org\/index.php?rest_route=\/wp\/v2\/types\/page"}],"author":[{"embeddable":true,"href":"https:\/\/www.mjcfontanes.org\/index.php?rest_route=\/wp\/v2\/users\/1"}],"replies":[{"embeddable":true,"href":"https:\/\/www.mjcfontanes.org\/index.php?rest_route=%2Fwp%2Fv2%2Fcomments&post=160"}],"version-history":[{"count":15,"href":"https:\/\/www.mjcfontanes.org\/index.php?rest_route=\/wp\/v2\/pages\/160\/revisions"}],"predecessor-version":[{"id":3558,"href":"https:\/\/www.mjcfontanes.org\/index.php?rest_route=\/wp\/v2\/pages\/160\/revisions\/3558"}],"wp:attachment":[{"href":"https:\/\/www.mjcfontanes.org\/index.php?rest_route=%2Fwp%2Fv2%2Fmedia&parent=160"}],"wp:term":[{"taxonomy":"post_tag","embeddable":true,"href":"https:\/\/www.mjcfontanes.org\/index.php?rest_route=%2Fwp%2Fv2%2Ftags&post=160"}],"curies":[{"name":"wp","href":"https:\/\/api.w.org\/{rel}","templated":true}]}}