{"id":170,"date":"2017-08-02T22:51:43","date_gmt":"2017-08-02T20:51:43","guid":{"rendered":"http:\/\/www.mjcfontanes.org\/?page_id=170"},"modified":"2025-06-16T13:29:04","modified_gmt":"2025-06-16T11:29:04","slug":"initiation-au-cirque","status":"publish","type":"page","link":"https:\/\/www.mjcfontanes.org\/?page_id=170","title":{"rendered":"Cirque"},"content":{"rendered":"<div class=\"wp-block-image\">\n<figure class=\"aligncenter size-full is-resized\"><img data-recalc-dims=\"1\" loading=\"lazy\" decoding=\"async\" width=\"435\" height=\"206\" data-attachment-id=\"3184\" data-permalink=\"https:\/\/www.mjcfontanes.org\/?attachment_id=3184\" data-orig-file=\"https:\/\/i0.wp.com\/www.mjcfontanes.org\/wp-content\/uploads\/2024\/07\/kipounis_trans.png?fit=435%2C206&amp;ssl=1\" data-orig-size=\"435,206\" data-comments-opened=\"1\" data-image-meta=\"{&quot;aperture&quot;:&quot;0&quot;,&quot;credit&quot;:&quot;&quot;,&quot;camera&quot;:&quot;&quot;,&quot;caption&quot;:&quot;&quot;,&quot;created_timestamp&quot;:&quot;0&quot;,&quot;copyright&quot;:&quot;&quot;,&quot;focal_length&quot;:&quot;0&quot;,&quot;iso&quot;:&quot;0&quot;,&quot;shutter_speed&quot;:&quot;0&quot;,&quot;title&quot;:&quot;&quot;,&quot;orientation&quot;:&quot;0&quot;}\" data-image-title=\"kipounis_trans\" data-image-description=\"\" data-image-caption=\"\" data-large-file=\"https:\/\/i0.wp.com\/www.mjcfontanes.org\/wp-content\/uploads\/2024\/07\/kipounis_trans.png?fit=435%2C206&amp;ssl=1\" src=\"https:\/\/i0.wp.com\/www.mjcfontanes.org\/wp-content\/uploads\/2024\/07\/kipounis_trans.png?resize=435%2C206&#038;ssl=1\" alt=\"\" class=\"wp-image-3184\" style=\"width:285px;height:auto\" srcset=\"https:\/\/i0.wp.com\/www.mjcfontanes.org\/wp-content\/uploads\/2024\/07\/kipounis_trans.png?w=435&amp;ssl=1 435w, https:\/\/i0.wp.com\/www.mjcfontanes.org\/wp-content\/uploads\/2024\/07\/kipounis_trans.png?resize=300%2C142&amp;ssl=1 300w\" sizes=\"auto, (max-width: 435px) 100vw, 435px\" \/><\/figure>\n<\/div>\n\n\n<h1 class=\"wp-block-heading has-text-color has-link-color wp-elements-83f1ff774456607c7e7d3a907506c058\" style=\"color:#98506f\">Saison 2025 &#8211; 2026<\/h1>\n\n\n\n<figure style=\"font-style:normal;font-weight:700\" class=\"wp-block-table has-medium-font-size\"><table class=\"has-white-background-color has-text-color has-background has-link-color\" style=\"color:#98506f\"><tbody><tr><td class=\"has-text-align-center\" data-align=\"center\"><img data-recalc-dims=\"1\" loading=\"lazy\" decoding=\"async\" data-attachment-id=\"136\" data-permalink=\"https:\/\/www.mjcfontanes.org\/?attachment_id=136\" data-orig-file=\"https:\/\/i0.wp.com\/www.mjcfontanes.org\/wp-content\/uploads\/2017\/08\/Plaquettefleur-copie.png?fit=236%2C236&amp;ssl=1\" data-orig-size=\"236,236\" data-comments-opened=\"1\" data-image-meta=\"{&quot;aperture&quot;:&quot;0&quot;,&quot;credit&quot;:&quot;&quot;,&quot;camera&quot;:&quot;&quot;,&quot;caption&quot;:&quot;&quot;,&quot;created_timestamp&quot;:&quot;0&quot;,&quot;copyright&quot;:&quot;&quot;,&quot;focal_length&quot;:&quot;0&quot;,&quot;iso&quot;:&quot;0&quot;,&quot;shutter_speed&quot;:&quot;0&quot;,&quot;title&quot;:&quot;&quot;,&quot;orientation&quot;:&quot;0&quot;}\" data-image-title=\"Plaquette=fleur copie\" data-image-description=\"\" data-image-caption=\"\" data-large-file=\"https:\/\/i0.wp.com\/www.mjcfontanes.org\/wp-content\/uploads\/2017\/08\/Plaquettefleur-copie.png?fit=236%2C236&amp;ssl=1\" class=\"aligncenter wp-image-136\" src=\"https:\/\/i0.wp.com\/www.mjcfontanes.org\/wp-content\/uploads\/2017\/08\/Plaquettefleur-copie-150x150.png?resize=114%2C114\" alt=\"\" width=\"114\" height=\"114\" srcset=\"https:\/\/i0.wp.com\/www.mjcfontanes.org\/wp-content\/uploads\/2017\/08\/Plaquettefleur-copie.png?resize=150%2C150&amp;ssl=1 150w, https:\/\/i0.wp.com\/www.mjcfontanes.org\/wp-content\/uploads\/2017\/08\/Plaquettefleur-copie.png?resize=75%2C75&amp;ssl=1 75w, https:\/\/i0.wp.com\/www.mjcfontanes.org\/wp-content\/uploads\/2017\/08\/Plaquettefleur-copie.png?w=236&amp;ssl=1 236w\" sizes=\"auto, (max-width: 114px) 100vw, 114px\" \/><\/td><td class=\"has-text-align-center\" data-align=\"center\"><h3>Animateur : <strong>Les Kipouni&rsquo;s<\/strong><\/h3><\/td><\/tr><tr><td class=\"has-text-align-center\" data-align=\"center\"><img data-recalc-dims=\"1\" loading=\"lazy\" decoding=\"async\" data-attachment-id=\"138\" data-permalink=\"https:\/\/www.mjcfontanes.org\/?attachment_id=138\" data-orig-file=\"https:\/\/i0.wp.com\/www.mjcfontanes.org\/wp-content\/uploads\/2017\/08\/Plaquetteportevoix1-copie.png?fit=472%2C354&amp;ssl=1\" data-orig-size=\"472,354\" data-comments-opened=\"1\" data-image-meta=\"{&quot;aperture&quot;:&quot;0&quot;,&quot;credit&quot;:&quot;&quot;,&quot;camera&quot;:&quot;&quot;,&quot;caption&quot;:&quot;&quot;,&quot;created_timestamp&quot;:&quot;0&quot;,&quot;copyright&quot;:&quot;&quot;,&quot;focal_length&quot;:&quot;0&quot;,&quot;iso&quot;:&quot;0&quot;,&quot;shutter_speed&quot;:&quot;0&quot;,&quot;title&quot;:&quot;&quot;,&quot;orientation&quot;:&quot;0&quot;}\" data-image-title=\"Plaquette=portevoix1 copie\" data-image-description=\"\" data-image-caption=\"\" data-large-file=\"https:\/\/i0.wp.com\/www.mjcfontanes.org\/wp-content\/uploads\/2017\/08\/Plaquetteportevoix1-copie.png?fit=472%2C354&amp;ssl=1\" class=\"wp-image-138 aligncenter\" src=\"https:\/\/i0.wp.com\/www.mjcfontanes.org\/wp-content\/uploads\/2017\/08\/Plaquetteportevoix1-copie-150x150.png?resize=55%2C55\" alt=\"\" width=\"55\" height=\"55\" srcset=\"https:\/\/i0.wp.com\/www.mjcfontanes.org\/wp-content\/uploads\/2017\/08\/Plaquetteportevoix1-copie.png?resize=150%2C150&amp;ssl=1 150w, https:\/\/i0.wp.com\/www.mjcfontanes.org\/wp-content\/uploads\/2017\/08\/Plaquetteportevoix1-copie.png?resize=75%2C75&amp;ssl=1 75w\" sizes=\"auto, (max-width: 55px) 100vw, 55px\" \/><\/td><td class=\"has-text-align-center\" data-align=\"center\"><h3 style=\"text-align: center;\">Responsable :<\/h3><h3 style=\"text-align: center;\"><strong>Marilyne GRANGE<\/strong><span style=\"font-family: inherit; font-size: inherit; font-weight: inherit;\"><\/span><\/h3><\/td><\/tr><tr><td class=\"has-text-align-center\" data-align=\"center\">\n<h3><img data-recalc-dims=\"1\" loading=\"lazy\" decoding=\"async\" data-attachment-id=\"205\" data-permalink=\"https:\/\/www.mjcfontanes.org\/?attachment_id=205\" data-orig-file=\"https:\/\/i0.wp.com\/www.mjcfontanes.org\/wp-content\/uploads\/2017\/08\/telephone.jpg?fit=626%2C626&amp;ssl=1\" data-orig-size=\"626,626\" data-comments-opened=\"1\" data-image-meta=\"{&quot;aperture&quot;:&quot;0&quot;,&quot;credit&quot;:&quot;&quot;,&quot;camera&quot;:&quot;&quot;,&quot;caption&quot;:&quot;&quot;,&quot;created_timestamp&quot;:&quot;0&quot;,&quot;copyright&quot;:&quot;&quot;,&quot;focal_length&quot;:&quot;0&quot;,&quot;iso&quot;:&quot;0&quot;,&quot;shutter_speed&quot;:&quot;0&quot;,&quot;title&quot;:&quot;&quot;,&quot;orientation&quot;:&quot;0&quot;}\" data-image-title=\"telephone\" data-image-description=\"\" data-image-caption=\"\" data-large-file=\"https:\/\/i0.wp.com\/www.mjcfontanes.org\/wp-content\/uploads\/2017\/08\/telephone.jpg?fit=626%2C626&amp;ssl=1\" class=\"aligncenter wp-image-205\" src=\"https:\/\/i0.wp.com\/www.mjcfontanes.org\/wp-content\/uploads\/2017\/08\/telephone-150x150.jpg?resize=64%2C64\" alt=\"\" width=\"64\" height=\"64\" srcset=\"https:\/\/i0.wp.com\/www.mjcfontanes.org\/wp-content\/uploads\/2017\/08\/telephone.jpg?resize=150%2C150&amp;ssl=1 150w, https:\/\/i0.wp.com\/www.mjcfontanes.org\/wp-content\/uploads\/2017\/08\/telephone.jpg?resize=300%2C300&amp;ssl=1 300w, https:\/\/i0.wp.com\/www.mjcfontanes.org\/wp-content\/uploads\/2017\/08\/telephone.jpg?resize=500%2C500&amp;ssl=1 500w, https:\/\/i0.wp.com\/www.mjcfontanes.org\/wp-content\/uploads\/2017\/08\/telephone.jpg?resize=400%2C400&amp;ssl=1 400w, https:\/\/i0.wp.com\/www.mjcfontanes.org\/wp-content\/uploads\/2017\/08\/telephone.jpg?resize=75%2C75&amp;ssl=1 75w, https:\/\/i0.wp.com\/www.mjcfontanes.org\/wp-content\/uploads\/2017\/08\/telephone.jpg?w=626&amp;ssl=1 626w\" sizes=\"auto, (max-width: 64px) 100vw, 64px\" \/><\/h3>\n<\/td><td class=\"has-text-align-center\" data-align=\"center\"><h3 style=\"text-align: center;\">06 09 80 39 59<\/h3><\/td><\/tr><tr><td class=\"has-text-align-center\" data-align=\"center\"><img data-recalc-dims=\"1\" loading=\"lazy\" decoding=\"async\" data-attachment-id=\"200\" data-permalink=\"https:\/\/www.mjcfontanes.org\/?attachment_id=200\" data-orig-file=\"https:\/\/i0.wp.com\/www.mjcfontanes.org\/wp-content\/uploads\/2017\/07\/courrierelectronique.png?fit=512%2C512&amp;ssl=1\" data-orig-size=\"512,512\" data-comments-opened=\"1\" data-image-meta=\"{&quot;aperture&quot;:&quot;0&quot;,&quot;credit&quot;:&quot;&quot;,&quot;camera&quot;:&quot;&quot;,&quot;caption&quot;:&quot;&quot;,&quot;created_timestamp&quot;:&quot;0&quot;,&quot;copyright&quot;:&quot;&quot;,&quot;focal_length&quot;:&quot;0&quot;,&quot;iso&quot;:&quot;0&quot;,&quot;shutter_speed&quot;:&quot;0&quot;,&quot;title&quot;:&quot;&quot;,&quot;orientation&quot;:&quot;0&quot;}\" data-image-title=\"courrierelectronique\" data-image-description=\"\" data-image-caption=\"\" data-large-file=\"https:\/\/i0.wp.com\/www.mjcfontanes.org\/wp-content\/uploads\/2017\/07\/courrierelectronique.png?fit=512%2C512&amp;ssl=1\" class=\"aligncenter wp-image-200\" src=\"https:\/\/i0.wp.com\/www.mjcfontanes.org\/wp-content\/uploads\/2017\/07\/courrierelectronique-150x150.png?resize=55%2C55\" alt=\"\" width=\"55\" height=\"55\" srcset=\"https:\/\/i0.wp.com\/www.mjcfontanes.org\/wp-content\/uploads\/2017\/07\/courrierelectronique.png?resize=150%2C150&amp;ssl=1 150w, https:\/\/i0.wp.com\/www.mjcfontanes.org\/wp-content\/uploads\/2017\/07\/courrierelectronique.png?resize=300%2C300&amp;ssl=1 300w, https:\/\/i0.wp.com\/www.mjcfontanes.org\/wp-content\/uploads\/2017\/07\/courrierelectronique.png?resize=500%2C500&amp;ssl=1 500w, https:\/\/i0.wp.com\/www.mjcfontanes.org\/wp-content\/uploads\/2017\/07\/courrierelectronique.png?resize=400%2C400&amp;ssl=1 400w, https:\/\/i0.wp.com\/www.mjcfontanes.org\/wp-content\/uploads\/2017\/07\/courrierelectronique.png?resize=75%2C75&amp;ssl=1 75w, https:\/\/i0.wp.com\/www.mjcfontanes.org\/wp-content\/uploads\/2017\/07\/courrierelectronique.png?w=512&amp;ssl=1 512w\" sizes=\"auto, (max-width: 55px) 100vw, 55px\" \/><\/td><td class=\"has-text-align-center\" data-align=\"center\"><h3 style=\"text-align: center;\">cirque@mjcfontanes.org<\/h3><\/td><\/tr><tr><td class=\"has-text-align-center\" data-align=\"center\"><img data-recalc-dims=\"1\" loading=\"lazy\" decoding=\"async\" data-attachment-id=\"194\" data-permalink=\"https:\/\/www.mjcfontanes.org\/?attachment_id=194\" data-orig-file=\"https:\/\/i0.wp.com\/www.mjcfontanes.org\/wp-content\/uploads\/2017\/08\/64px-Euro_symbol_black.svg_.png?fit=64%2C64&amp;ssl=1\" data-orig-size=\"64,64\" data-comments-opened=\"1\" data-image-meta=\"{&quot;aperture&quot;:&quot;0&quot;,&quot;credit&quot;:&quot;&quot;,&quot;camera&quot;:&quot;&quot;,&quot;caption&quot;:&quot;&quot;,&quot;created_timestamp&quot;:&quot;0&quot;,&quot;copyright&quot;:&quot;&quot;,&quot;focal_length&quot;:&quot;0&quot;,&quot;iso&quot;:&quot;0&quot;,&quot;shutter_speed&quot;:&quot;0&quot;,&quot;title&quot;:&quot;&quot;,&quot;orientation&quot;:&quot;0&quot;}\" data-image-title=\"64px-Euro_symbol_black.svg\" data-image-description=\"\" data-image-caption=\"\" data-large-file=\"https:\/\/i0.wp.com\/www.mjcfontanes.org\/wp-content\/uploads\/2017\/08\/64px-Euro_symbol_black.svg_.png?fit=64%2C64&amp;ssl=1\" class=\"wp-image-194  aligncenter\" src=\"https:\/\/i0.wp.com\/www.mjcfontanes.org\/wp-content\/uploads\/2017\/08\/64px-Euro_symbol_black.svg_.png?resize=55%2C55\" alt=\"\" width=\"55\" height=\"55\"><\/td><td class=\"has-text-align-center\" data-align=\"center\"><h3 style=\"text-align: center;\">123\u20ac<\/h3><\/td><\/tr><tr><td class=\"has-text-align-center\" data-align=\"center\"><img data-recalc-dims=\"1\" loading=\"lazy\" decoding=\"async\" data-attachment-id=\"199\" data-permalink=\"https:\/\/www.mjcfontanes.org\/?attachment_id=199\" data-orig-file=\"https:\/\/i0.wp.com\/www.mjcfontanes.org\/wp-content\/uploads\/2017\/07\/calendrierdate.jpg?fit=626%2C626&amp;ssl=1\" data-orig-size=\"626,626\" data-comments-opened=\"1\" data-image-meta=\"{&quot;aperture&quot;:&quot;0&quot;,&quot;credit&quot;:&quot;&quot;,&quot;camera&quot;:&quot;&quot;,&quot;caption&quot;:&quot;&quot;,&quot;created_timestamp&quot;:&quot;0&quot;,&quot;copyright&quot;:&quot;&quot;,&quot;focal_length&quot;:&quot;0&quot;,&quot;iso&quot;:&quot;0&quot;,&quot;shutter_speed&quot;:&quot;0&quot;,&quot;title&quot;:&quot;&quot;,&quot;orientation&quot;:&quot;0&quot;}\" data-image-title=\"calendrierdate\" data-image-description=\"\" data-image-caption=\"\" data-large-file=\"https:\/\/i0.wp.com\/www.mjcfontanes.org\/wp-content\/uploads\/2017\/07\/calendrierdate.jpg?fit=626%2C626&amp;ssl=1\" class=\"aligncenter wp-image-199\" src=\"https:\/\/i0.wp.com\/www.mjcfontanes.org\/wp-content\/uploads\/2017\/07\/calendrierdate-150x150.jpg?resize=55%2C55\" alt=\"\" width=\"55\" height=\"55\" srcset=\"https:\/\/i0.wp.com\/www.mjcfontanes.org\/wp-content\/uploads\/2017\/07\/calendrierdate.jpg?resize=150%2C150&amp;ssl=1 150w, https:\/\/i0.wp.com\/www.mjcfontanes.org\/wp-content\/uploads\/2017\/07\/calendrierdate.jpg?resize=300%2C300&amp;ssl=1 300w, https:\/\/i0.wp.com\/www.mjcfontanes.org\/wp-content\/uploads\/2017\/07\/calendrierdate.jpg?resize=500%2C500&amp;ssl=1 500w, https:\/\/i0.wp.com\/www.mjcfontanes.org\/wp-content\/uploads\/2017\/07\/calendrierdate.jpg?resize=400%2C400&amp;ssl=1 400w, https:\/\/i0.wp.com\/www.mjcfontanes.org\/wp-content\/uploads\/2017\/07\/calendrierdate.jpg?resize=75%2C75&amp;ssl=1 75w, https:\/\/i0.wp.com\/www.mjcfontanes.org\/wp-content\/uploads\/2017\/07\/calendrierdate.jpg?w=626&amp;ssl=1 626w\" sizes=\"auto, (max-width: 55px) 100vw, 55px\" \/><\/td><td class=\"has-text-align-center\" data-align=\"center\"><h3 style=\"text-align: center;\">25 s\u00e9ances<\/h3><h3 style=\"text-align: center;\">Le lundi de 17h00 \u00e0 18h00 \u00e0 la Maison du Pl\u00e2tre.<\/h3><\/td><\/tr><tr><td class=\"has-text-align-center\" data-align=\"center\"><img data-recalc-dims=\"1\" loading=\"lazy\" decoding=\"async\" data-attachment-id=\"213\" data-permalink=\"https:\/\/www.mjcfontanes.org\/?attachment_id=213\" data-orig-file=\"https:\/\/i0.wp.com\/www.mjcfontanes.org\/wp-content\/uploads\/2017\/08\/attention.jpg?fit=240%2C240&amp;ssl=1\" data-orig-size=\"240,240\" data-comments-opened=\"1\" data-image-meta=\"{&quot;aperture&quot;:&quot;0&quot;,&quot;credit&quot;:&quot;&quot;,&quot;camera&quot;:&quot;&quot;,&quot;caption&quot;:&quot;&quot;,&quot;created_timestamp&quot;:&quot;0&quot;,&quot;copyright&quot;:&quot;&quot;,&quot;focal_length&quot;:&quot;0&quot;,&quot;iso&quot;:&quot;0&quot;,&quot;shutter_speed&quot;:&quot;0&quot;,&quot;title&quot;:&quot;&quot;,&quot;orientation&quot;:&quot;0&quot;}\" data-image-title=\"attention\" data-image-description=\"\" data-image-caption=\"\" data-large-file=\"https:\/\/i0.wp.com\/www.mjcfontanes.org\/wp-content\/uploads\/2017\/08\/attention.jpg?fit=240%2C240&amp;ssl=1\" class=\"aligncenter wp-image-213\" src=\"https:\/\/i0.wp.com\/www.mjcfontanes.org\/wp-content\/uploads\/2017\/08\/attention-150x150.jpg?resize=70%2C70\" alt=\"\" width=\"70\" height=\"70\" srcset=\"https:\/\/i0.wp.com\/www.mjcfontanes.org\/wp-content\/uploads\/2017\/08\/attention.jpg?resize=150%2C150&amp;ssl=1 150w, https:\/\/i0.wp.com\/www.mjcfontanes.org\/wp-content\/uploads\/2017\/08\/attention.jpg?resize=75%2C75&amp;ssl=1 75w, https:\/\/i0.wp.com\/www.mjcfontanes.org\/wp-content\/uploads\/2017\/08\/attention.jpg?w=240&amp;ssl=1 240w\" sizes=\"auto, (max-width: 70px) 100vw, 70px\" \/><\/td><td class=\"has-text-align-center\" data-align=\"center\">Pour les 5 &#8211; 10 ans.<br><strong>Auto-questionnaire de sant\u00e9 \u00e0 compl\u00e9ter<\/strong>.<br><\/td><\/tr><\/tbody><\/table><\/figure>\n","protected":false},"excerpt":{"rendered":"<p>Saison 2025 &#8211; 2026 Animateur : Les Kipouni&rsquo;s Responsable : Marilyne GRANGE 06 09 80 39 59 cirque@mjcfontanes.org 123\u20ac 25 s\u00e9ances Le lundi de 17h00 \u00e0 18h00 \u00e0 la Maison &hellip; <a href=\"https:\/\/www.mjcfontanes.org\/?page_id=170\" class=\"more-link\">Lire la suite de <span class=\"screen-reader-text\">Cirque<\/span><\/a><\/p>\n","protected":false},"author":1,"featured_media":0,"parent":0,"menu_order":0,"comment_status":"closed","ping_status":"closed","template":"","meta":{"jetpack_post_was_ever_published":false,"footnotes":""},"tags":[],"class_list":["post-170","page","type-page","status-publish","hentry","no-featured-image"],"jetpack_sharing_enabled":true,"jetpack_shortlink":"https:\/\/wp.me\/P95mIQ-2K","jetpack-related-posts":[],"_links":{"self":[{"href":"https:\/\/www.mjcfontanes.org\/index.php?rest_route=\/wp\/v2\/pages\/170","targetHints":{"allow":["GET"]}}],"collection":[{"href":"https:\/\/www.mjcfontanes.org\/index.php?rest_route=\/wp\/v2\/pages"}],"about":[{"href":"https:\/\/www.mjcfontanes.org\/index.php?rest_route=\/wp\/v2\/types\/page"}],"author":[{"embeddable":true,"href":"https:\/\/www.mjcfontanes.org\/index.php?rest_route=\/wp\/v2\/users\/1"}],"replies":[{"embeddable":true,"href":"https:\/\/www.mjcfontanes.org\/index.php?rest_route=%2Fwp%2Fv2%2Fcomments&post=170"}],"version-history":[{"count":28,"href":"https:\/\/www.mjcfontanes.org\/index.php?rest_route=\/wp\/v2\/pages\/170\/revisions"}],"predecessor-version":[{"id":3541,"href":"https:\/\/www.mjcfontanes.org\/index.php?rest_route=\/wp\/v2\/pages\/170\/revisions\/3541"}],"wp:attachment":[{"href":"https:\/\/www.mjcfontanes.org\/index.php?rest_route=%2Fwp%2Fv2%2Fmedia&parent=170"}],"wp:term":[{"taxonomy":"post_tag","embeddable":true,"href":"https:\/\/www.mjcfontanes.org\/index.php?rest_route=%2Fwp%2Fv2%2Ftags&post=170"}],"curies":[{"name":"wp","href":"https:\/\/api.w.org\/{rel}","templated":true}]}}