{"id":270,"date":"2024-07-09T12:11:58","date_gmt":"2024-07-09T10:11:58","guid":{"rendered":"http:\/\/www.mjcfontanes.org\/?page_id=270"},"modified":"2024-07-09T12:16:47","modified_gmt":"2024-07-09T10:16:47","slug":"kozkfe","status":"publish","type":"page","link":"https:\/\/www.mjcfontanes.org\/?page_id=270","title":{"rendered":"R\u00e9pare Caf\u00e9"},"content":{"rendered":"\n<p>Nous proposons des temps de rencontre et d&rsquo;\u00e9changes autour d&rsquo;une boisson et d&rsquo;un objet \u00e0 r\u00e9parer!<\/p>\n\n\n\n<figure class=\"wp-block-gallery has-nested-images columns-default is-cropped wp-block-gallery-1 is-layout-flex wp-block-gallery-is-layout-flex\">\n<figure class=\"wp-block-image size-large is-style-default\"><img data-recalc-dims=\"1\" loading=\"lazy\" decoding=\"async\" width=\"712\" height=\"475\" data-attachment-id=\"3038\" data-permalink=\"https:\/\/www.mjcfontanes.org\/?attachment_id=3038\" data-orig-file=\"https:\/\/i0.wp.com\/www.mjcfontanes.org\/wp-content\/uploads\/2024\/07\/REPARE.png?fit=1583%2C1056&amp;ssl=1\" data-orig-size=\"1583,1056\" data-comments-opened=\"1\" data-image-meta=\"{&quot;aperture&quot;:&quot;0&quot;,&quot;credit&quot;:&quot;&quot;,&quot;camera&quot;:&quot;&quot;,&quot;caption&quot;:&quot;&quot;,&quot;created_timestamp&quot;:&quot;0&quot;,&quot;copyright&quot;:&quot;&quot;,&quot;focal_length&quot;:&quot;0&quot;,&quot;iso&quot;:&quot;0&quot;,&quot;shutter_speed&quot;:&quot;0&quot;,&quot;title&quot;:&quot;&quot;,&quot;orientation&quot;:&quot;0&quot;}\" data-image-title=\"REPARE\" data-image-description=\"\" data-image-caption=\"\" data-large-file=\"https:\/\/i0.wp.com\/www.mjcfontanes.org\/wp-content\/uploads\/2024\/07\/REPARE.png?fit=712%2C475&amp;ssl=1\" data-id=\"3038\" src=\"https:\/\/i0.wp.com\/www.mjcfontanes.org\/wp-content\/uploads\/2024\/07\/REPARE.png?resize=712%2C475&#038;ssl=1\" alt=\"\" class=\"wp-image-3038\" srcset=\"https:\/\/i0.wp.com\/www.mjcfontanes.org\/wp-content\/uploads\/2024\/07\/REPARE.png?resize=1024%2C683&amp;ssl=1 1024w, https:\/\/i0.wp.com\/www.mjcfontanes.org\/wp-content\/uploads\/2024\/07\/REPARE.png?resize=300%2C200&amp;ssl=1 300w, https:\/\/i0.wp.com\/www.mjcfontanes.org\/wp-content\/uploads\/2024\/07\/REPARE.png?resize=768%2C512&amp;ssl=1 768w, https:\/\/i0.wp.com\/www.mjcfontanes.org\/wp-content\/uploads\/2024\/07\/REPARE.png?resize=1536%2C1025&amp;ssl=1 1536w, https:\/\/i0.wp.com\/www.mjcfontanes.org\/wp-content\/uploads\/2024\/07\/REPARE.png?resize=1080%2C720&amp;ssl=1 1080w, https:\/\/i0.wp.com\/www.mjcfontanes.org\/wp-content\/uploads\/2024\/07\/REPARE.png?w=1583&amp;ssl=1 1583w, https:\/\/i0.wp.com\/www.mjcfontanes.org\/wp-content\/uploads\/2024\/07\/REPARE.png?w=1424&amp;ssl=1 1424w\" sizes=\"auto, (max-width: 712px) 100vw, 712px\" \/><\/figure>\n<\/figure>\n\n\n\n<p class=\"has-text-align-center\"><\/p>\n\n\n\n<p class=\"has-text-align-center\"><\/p>\n\n\n\n<h4 class=\"wp-block-heading has-text-align-center\"><\/h4>\n\n\n<h3 style=\"text-align: center;\">\u00a0<\/h3>\n<p>\u00a0<\/p>","protected":false},"excerpt":{"rendered":"<p>Nous proposons des temps de rencontre et d&rsquo;\u00e9changes autour d&rsquo;une boisson et d&rsquo;un objet \u00e0 r\u00e9parer! \u00a0 \u00a0<\/p>\n","protected":false},"author":1,"featured_media":0,"parent":0,"menu_order":0,"comment_status":"closed","ping_status":"closed","template":"","meta":{"jetpack_post_was_ever_published":false,"footnotes":""},"tags":[],"class_list":["post-270","page","type-page","status-publish","hentry","no-featured-image"],"jetpack_sharing_enabled":true,"jetpack_shortlink":"https:\/\/wp.me\/P95mIQ-4m","jetpack-related-posts":[],"_links":{"self":[{"href":"https:\/\/www.mjcfontanes.org\/index.php?rest_route=\/wp\/v2\/pages\/270","targetHints":{"allow":["GET"]}}],"collection":[{"href":"https:\/\/www.mjcfontanes.org\/index.php?rest_route=\/wp\/v2\/pages"}],"about":[{"href":"https:\/\/www.mjcfontanes.org\/index.php?rest_route=\/wp\/v2\/types\/page"}],"author":[{"embeddable":true,"href":"https:\/\/www.mjcfontanes.org\/index.php?rest_route=\/wp\/v2\/users\/1"}],"replies":[{"embeddable":true,"href":"https:\/\/www.mjcfontanes.org\/index.php?rest_route=%2Fwp%2Fv2%2Fcomments&post=270"}],"version-history":[{"count":16,"href":"https:\/\/www.mjcfontanes.org\/index.php?rest_route=\/wp\/v2\/pages\/270\/revisions"}],"predecessor-version":[{"id":3039,"href":"https:\/\/www.mjcfontanes.org\/index.php?rest_route=\/wp\/v2\/pages\/270\/revisions\/3039"}],"wp:attachment":[{"href":"https:\/\/www.mjcfontanes.org\/index.php?rest_route=%2Fwp%2Fv2%2Fmedia&parent=270"}],"wp:term":[{"taxonomy":"post_tag","embeddable":true,"href":"https:\/\/www.mjcfontanes.org\/index.php?rest_route=%2Fwp%2Fv2%2Ftags&post=270"}],"curies":[{"name":"wp","href":"https:\/\/api.w.org\/{rel}","templated":true}]}}