{"id":40,"date":"2017-07-30T16:33:44","date_gmt":"2017-07-30T14:33:44","guid":{"rendered":"http:\/\/www.mjcfontanes.org\/?page_id=40"},"modified":"2025-06-16T13:46:42","modified_gmt":"2025-06-16T11:46:42","slug":"compositionca","status":"publish","type":"page","link":"https:\/\/www.mjcfontanes.org\/?page_id=40","title":{"rendered":"Responsables des commissions"},"content":{"rendered":"\n<p>La MJC a un fonctionnement coll\u00e9gial, avec 5 commissions.<\/p>\n\n\n\n<figure class=\"wp-block-table\"><table class=\"has-white-background-color has-text-color has-background\" style=\"color:#98506f\"><tbody><tr><td class=\"has-text-align-center\" data-align=\"center\"><strong>Administration<\/strong><\/td><td class=\"has-text-align-center\" data-align=\"center\">Yolande Chalencon<\/td><\/tr><tr><td class=\"has-text-align-center\" data-align=\"center\"><strong>Finances<\/strong><\/td><td class=\"has-text-align-center\" data-align=\"center\">Sylvain Giraud<\/td><\/tr><tr><td class=\"has-text-align-center\" data-align=\"center\"><strong>Manifestations<\/strong><\/td><td class=\"has-text-align-center\" data-align=\"center\">Marilyne Grange<\/td><\/tr><tr><td class=\"has-text-align-center\" data-align=\"center\"><strong>Communication<\/strong><\/td><td class=\"has-text-align-center\" data-align=\"center\">St\u00e9phanie Rouveure<\/td><\/tr><tr><td class=\"has-text-align-center\" data-align=\"center\"><strong>Jeunes<\/strong><\/td><td class=\"has-text-align-center\" data-align=\"center\">Herv\u00e9 Bouchut<\/td><\/tr><\/tbody><\/table><\/figure>\n\n\n\n<p><em>Envie de vous investir dans une association, d&rsquo;apporter vos id\u00e9es, de participer au dynamisme de notre commune? N&rsquo;h\u00e9sitez pas \u00e0 rejoindre les b\u00e9n\u00e9voles de la MJC ! <\/em><\/p>\n\n\n\n<p><\/p>\n","protected":false},"excerpt":{"rendered":"<p>La MJC a un fonctionnement coll\u00e9gial, avec 5 commissions. Administration Yolande Chalencon Finances Sylvain Giraud Manifestations Marilyne Grange Communication St\u00e9phanie Rouveure Jeunes Herv\u00e9 Bouchut Envie de vous investir dans une &hellip; <a href=\"https:\/\/www.mjcfontanes.org\/?page_id=40\" class=\"more-link\">Lire la suite de <span class=\"screen-reader-text\">Responsables des commissions<\/span><\/a><\/p>\n","protected":false},"author":1,"featured_media":0,"parent":0,"menu_order":0,"comment_status":"closed","ping_status":"closed","template":"","meta":{"jetpack_post_was_ever_published":true,"footnotes":""},"tags":[],"class_list":["post-40","page","type-page","status-publish","hentry","no-featured-image"],"jetpack_sharing_enabled":true,"jetpack_shortlink":"https:\/\/wp.me\/P95mIQ-E","jetpack-related-posts":[],"_links":{"self":[{"href":"https:\/\/www.mjcfontanes.org\/index.php?rest_route=\/wp\/v2\/pages\/40","targetHints":{"allow":["GET"]}}],"collection":[{"href":"https:\/\/www.mjcfontanes.org\/index.php?rest_route=\/wp\/v2\/pages"}],"about":[{"href":"https:\/\/www.mjcfontanes.org\/index.php?rest_route=\/wp\/v2\/types\/page"}],"author":[{"embeddable":true,"href":"https:\/\/www.mjcfontanes.org\/index.php?rest_route=\/wp\/v2\/users\/1"}],"replies":[{"embeddable":true,"href":"https:\/\/www.mjcfontanes.org\/index.php?rest_route=%2Fwp%2Fv2%2Fcomments&post=40"}],"version-history":[{"count":17,"href":"https:\/\/www.mjcfontanes.org\/index.php?rest_route=\/wp\/v2\/pages\/40\/revisions"}],"predecessor-version":[{"id":3554,"href":"https:\/\/www.mjcfontanes.org\/index.php?rest_route=\/wp\/v2\/pages\/40\/revisions\/3554"}],"wp:attachment":[{"href":"https:\/\/www.mjcfontanes.org\/index.php?rest_route=%2Fwp%2Fv2%2Fmedia&parent=40"}],"wp:term":[{"taxonomy":"post_tag","embeddable":true,"href":"https:\/\/www.mjcfontanes.org\/index.php?rest_route=%2Fwp%2Fv2%2Ftags&post=40"}],"curies":[{"name":"wp","href":"https:\/\/api.w.org\/{rel}","templated":true}]}}