{"id":83,"date":"2017-07-30T19:14:26","date_gmt":"2017-07-30T17:14:26","guid":{"rendered":"http:\/\/www.mjcfontanes.org\/?page_id=83"},"modified":"2025-06-16T13:42:53","modified_gmt":"2025-06-16T11:42:53","slug":"larj","status":"publish","type":"page","link":"https:\/\/www.mjcfontanes.org\/?page_id=83","title":{"rendered":"LARJ"},"content":{"rendered":"\n<h3 class=\"wp-block-heading has-white-background-color has-text-color has-background has-link-color wp-elements-e90d8f292a63a7b0cbc00050767979fe\" style=\"color:#98506f\">Lieu d&rsquo;Accueil et de Ressource pour les Jeunes<\/h3>\n\n\n\n<p>Dans l&rsquo;attente de trouver un animateur ou une animatrice, le LARJ, qui reste un lieu d&rsquo;accueil ouvert \u00e0 tous les jeunes adh\u00e9rents de la MJC de Fontan\u00e8s ayant entre 12 et 18 ans, continuera de proposer des activit\u00e9s ponctuelles.<\/p>\n\n\n\n<p>Les b\u00e9n\u00e9voles du la MJC souhaitent maintenir le lien, par le biais d&rsquo;activit\u00e9s ou de sorties en fonction des disponibilit\u00e9s de chacun pendant les vacances scolaires.<\/p>\n\n\n\n<p>Ces activit\u00e9s peuvent prendre forme lors de r\u00e9unions ponctuelles avec les jeunes \u00e0 partir de leurs centres d&rsquo;int\u00e9r\u00eats, de leurs envies et de leurs propositions.<\/p>\n","protected":false},"excerpt":{"rendered":"<p>Lieu d&rsquo;Accueil et de Ressource pour les Jeunes Dans l&rsquo;attente de trouver un animateur ou une animatrice, le LARJ, qui reste un lieu d&rsquo;accueil ouvert \u00e0 tous les jeunes adh\u00e9rents &hellip; <a href=\"https:\/\/www.mjcfontanes.org\/?page_id=83\" class=\"more-link\">Lire la suite de <span class=\"screen-reader-text\">LARJ<\/span><\/a><\/p>\n","protected":false},"author":1,"featured_media":0,"parent":0,"menu_order":0,"comment_status":"closed","ping_status":"closed","template":"","meta":{"jetpack_post_was_ever_published":false,"footnotes":""},"tags":[],"class_list":["post-83","page","type-page","status-publish","hentry","no-featured-image"],"jetpack_sharing_enabled":true,"jetpack_shortlink":"https:\/\/wp.me\/P95mIQ-1l","jetpack-related-posts":[],"_links":{"self":[{"href":"https:\/\/www.mjcfontanes.org\/index.php?rest_route=\/wp\/v2\/pages\/83","targetHints":{"allow":["GET"]}}],"collection":[{"href":"https:\/\/www.mjcfontanes.org\/index.php?rest_route=\/wp\/v2\/pages"}],"about":[{"href":"https:\/\/www.mjcfontanes.org\/index.php?rest_route=\/wp\/v2\/types\/page"}],"author":[{"embeddable":true,"href":"https:\/\/www.mjcfontanes.org\/index.php?rest_route=\/wp\/v2\/users\/1"}],"replies":[{"embeddable":true,"href":"https:\/\/www.mjcfontanes.org\/index.php?rest_route=%2Fwp%2Fv2%2Fcomments&post=83"}],"version-history":[{"count":6,"href":"https:\/\/www.mjcfontanes.org\/index.php?rest_route=\/wp\/v2\/pages\/83\/revisions"}],"predecessor-version":[{"id":3552,"href":"https:\/\/www.mjcfontanes.org\/index.php?rest_route=\/wp\/v2\/pages\/83\/revisions\/3552"}],"wp:attachment":[{"href":"https:\/\/www.mjcfontanes.org\/index.php?rest_route=%2Fwp%2Fv2%2Fmedia&parent=83"}],"wp:term":[{"taxonomy":"post_tag","embeddable":true,"href":"https:\/\/www.mjcfontanes.org\/index.php?rest_route=%2Fwp%2Fv2%2Ftags&post=83"}],"curies":[{"name":"wp","href":"https:\/\/api.w.org\/{rel}","templated":true}]}}